{"id":1178,"date":"2020-11-25T14:48:05","date_gmt":"2020-11-25T13:48:05","guid":{"rendered":"https:\/\/www.etrucknet.com\/form1"},"modified":"2020-11-29T11:48:50","modified_gmt":"2020-11-29T10:48:50","slug":"form1","status":"publish","type":"page","link":"https:\/\/www.etrucknet.com\/ro\/form1","title":{"rendered":"form1"},"content":{"rendered":"<p>[vc_row][vc_column][vc_row_inner][vc_column_inner css=&#8221;.vc_custom_1474291783363{padding-top: 35px !important;padding-bottom: 35px !important;}&#8221;][vc_column_text css_animation=&#8221;appear&#8221; el_class=&#8221;piu-uno&#8221; css=&#8221;.vc_custom_1466002660602{padding-bottom: 0px !important;}&#8221;]Etrucknet este re\u021beaua global\u0103 de referin\u021b\u0103 pentru transportul de marf\u0103 dedicat\u0103 companiilor. G\u0103si\u021bi camionul care se potrive\u0219te nevoilor dvs., economisind din timpul \u0219i costurile de alocare \u0219i contractare \u0219i de transport \u00een sine.[\/vc_column_text][\/vc_column_inner][\/vc_row_inner][\/vc_column][\/vc_row][vc_row full_width=&#8221;stretch_row&#8221; content_placement=&#8221;top&#8221; parallax=&#8221;content-moving-fade&#8221; parallax_image=&#8221;585&#8243; css=&#8221;.vc_custom_1474292260906{margin-top: 0px !important;padding-top: 0px !important;padding-bottom: 200px !important;background-image: url(https:\/\/www.etrucknet.com\/wp-content\/uploads\/etruck5.jpg?id=585) !important;background-position: center;background-repeat: no-repeat !important;background-size: cover !important;}&#8221; el_class=&#8221;bgsize&#8221;][vc_column css=&#8221;.vc_custom_1474291819233{padding-top: 10px !important;padding-bottom: 10px !important;}&#8221;][vc_custom_heading text=&#8221;Optimiza\u021bi timpii \u0219i costurile de transport cu camioanele mai aproape de locul de \u00eenc\u0103rcare&#8221; font_container=&#8221;tag:h1|text_align:center&#8221; use_theme_fonts=&#8221;yes&#8221;][vc_row_inner el_class=&#8221;icone&#8221;][vc_column_inner width=&#8221;1\/4&#8243;][vc_custom_heading text=&#8221;Func\u021bioneaz\u0103 u\u0219or:&#8221; font_container=&#8221;tag:h3|font_size:3em|text_align:center|color:%23ffffff&#8221; use_theme_fonts=&#8221;yes&#8221; el_class=&#8221;titicone txtshadow&#8221;][\/vc_column_inner][vc_column_inner width=&#8221;1\/4&#8243;][vc_single_image image=&#8221;517&#8243; alignment=&#8221;center&#8221; css_animation=&#8221;appear&#8221;][vc_column_text]<a href=\"http:\/\/www.etrucknet.com\/index.php\/form1\/#form1land\">Completa\u021bi cererea de transport<\/a>[\/vc_column_text][\/vc_column_inner][vc_column_inner width=&#8221;1\/4&#8243;][vc_single_image image=&#8221;516&#8243; alignment=&#8221;center&#8221; css_animation=&#8221;appear&#8221;][vc_column_text]Primi\u021bi oferte \u0219i alege\u021bi cele mai bune[\/vc_column_text][\/vc_column_inner][vc_column_inner width=&#8221;1\/4&#8243;][vc_single_image image=&#8221;537&#8243; alignment=&#8221;center&#8221; css_animation=&#8221;appear&#8221;][vc_column_text]Activa\u021bi transportul f\u0103r\u0103 plat\u0103 \u00een avans[\/vc_column_text][\/vc_column_inner][\/vc_row_inner][vc_row_inner el_class=&#8221;icone2&#8243;][vc_column_inner width=&#8221;1\/4&#8243;][vc_custom_heading text=&#8221;Avantajele:&#8221; font_container=&#8221;tag:h3|font_size:3em|text_align:center|color:%23ffffff&#8221; use_theme_fonts=&#8221;yes&#8221; el_class=&#8221;titicone txtshadow&#8221;][\/vc_column_inner][vc_column_inner width=&#8221;1\/4&#8243;][vc_single_image image=&#8221;540&#8243; alignment=&#8221;center&#8221; css_animation=&#8221;appear&#8221;][vc_column_text]<\/p>\n<h4>Seriozitate<\/h4>\n<p>V\u0103 garant\u0103m transparen\u021ba si profesionalismul unui grup solid si eficient.[\/vc_column_text][\/vc_column_inner][vc_column_inner width=&#8221;1\/4&#8243;][vc_single_image image=&#8221;548&#8243; alignment=&#8221;center&#8221; css_animation=&#8221;appear&#8221;][vc_column_text]<\/p>\n<h4>Viteza<\/h4>\n<p>Organiza\u021bi transportul \u00een c\u00e2teva minute.[\/vc_column_text][\/vc_column_inner][vc_column_inner width=&#8221;1\/4&#8243;][vc_single_image image=&#8221;539&#8243; alignment=&#8221;center&#8221; css_animation=&#8221;appear&#8221;][vc_column_text]<\/p>\n<h4>Convenien\u021b\u0103<\/h4>\n<p>Vom g\u0103si cele mai convenabile solu\u021bii pentru dumneavoastr\u0103, f\u0103r\u0103 a sacrifica calitatea serviciilor.[\/vc_column_text][\/vc_column_inner][\/vc_row_inner][\/vc_column][\/vc_row][vc_row][vc_column][vc_row_inner][vc_column_inner][vc_images_carousel images=&#8221;437,472,471,470,469,468,467,466,465,464,463,462,461,460,459,458,457,456,455,454,453,452,451,450,449,448,447,446,445,444,443,442,441,440,439,438&#8243; img_size=&#8221;full&#8221; onclick=&#8221;link_no&#8221; slides_per_view=&#8221;5&#8243; autoplay=&#8221;yes&#8221; hide_pagination_control=&#8221;yes&#8221; hide_prev_next_buttons=&#8221;yes&#8221; wrap=&#8221;yes&#8221; title=&#8221;Ne-au ales :&#8221; css=&#8221;.vc_custom_1467882751811{margin-bottom: 50px !important;}&#8221;][\/vc_column_inner][\/vc_row_inner][\/vc_column][\/vc_row][vc_row css=&#8221;.vc_custom_1467212331082{margin-bottom: 0px !important;border-bottom-width: 0px !important;padding-bottom: 0px !important;}&#8221;][vc_column][vc_custom_heading text=&#8221;Se spune despre noi:&#8221; font_container=&#8221;tag:h2|text_align:center&#8221; use_theme_fonts=&#8221;yes&#8221;][\/vc_column][\/vc_row]<\/p>\n","protected":false},"excerpt":{"rendered":"<p>[vc_row][vc_column][vc_row_inner][vc_column_inner css=&#8221;.vc_custom_1474291783363{padding-top: 35px !important;padding-bottom: 35px !important;}&#8221;][vc_column_text css_animation=&#8221;appear&#8221; el_class=&#8221;piu-uno&#8221; css=&#8221;.vc_custom_1466002660602{padding-bottom: 0px !important;}&#8221;]Etrucknet este re\u021beaua global\u0103 de referin\u021b\u0103 pentru transportul de marf\u0103 dedicat\u0103 companiilor. G\u0103si\u021bi camionul care se potrive\u0219te nevoilor dvs., economisind din timpul \u0219i costurile de alocare \u0219i contractare \u0219i de&#8230;<\/p>\n","protected":false},"author":1,"featured_media":0,"parent":0,"menu_order":0,"comment_status":"closed","ping_status":"closed","template":"page-form1.php","meta":[],"acf":[],"yoast_head":"<!-- This site is optimized with the Yoast SEO Premium plugin v20.9 (Yoast SEO v20.12) - https:\/\/yoast.com\/wordpress\/plugins\/seo\/ -->\n<title>form1 - Etrucknet<\/title>\n<meta name=\"robots\" content=\"index, follow, max-snippet:-1, max-image-preview:large, max-video-preview:-1\" \/>\n<link rel=\"canonical\" href=\"https:\/\/www.etrucknet.com\/ro\/form1\" \/>\n<meta property=\"og:locale\" content=\"ro_RO\" \/>\n<meta property=\"og:type\" content=\"article\" \/>\n<meta property=\"og:title\" content=\"form1\" \/>\n<meta property=\"og:description\" content=\"[vc_row][vc_column][vc_row_inner][vc_column_inner css=&#8221;.vc_custom_1474291783363{padding-top: 35px !important;padding-bottom: 35px !important;}&#8221;][vc_column_text css_animation=&#8221;appear&#8221; el_class=&#8221;piu-uno&#8221; css=&#8221;.vc_custom_1466002660602{padding-bottom: 0px !important;}&#8221;]Etrucknet este re\u021beaua global\u0103 de referin\u021b\u0103 pentru transportul de marf\u0103 dedicat\u0103 companiilor. G\u0103si\u021bi camionul care se potrive\u0219te nevoilor dvs., economisind din timpul \u0219i costurile de alocare \u0219i contractare \u0219i de...\" \/>\n<meta property=\"og:url\" content=\"https:\/\/www.etrucknet.com\/ro\/form1\" \/>\n<meta property=\"og:site_name\" content=\"Etrucknet\" \/>\n<meta property=\"article:modified_time\" content=\"2020-11-29T10:48:50+00:00\" \/>\n<meta name=\"twitter:card\" content=\"summary_large_image\" \/>\n<meta name=\"twitter:label1\" content=\"Timp estimat pentru citire\" \/>\n\t<meta name=\"twitter:data1\" content=\"3 minute\" \/>\n<script type=\"application\/ld+json\" class=\"yoast-schema-graph\">{\"@context\":\"https:\/\/schema.org\",\"@graph\":[{\"@type\":\"WebPage\",\"@id\":\"https:\/\/www.etrucknet.com\/ro\/form1\",\"url\":\"https:\/\/www.etrucknet.com\/ro\/form1\",\"name\":\"form1 - Etrucknet\",\"isPartOf\":{\"@id\":\"https:\/\/www.etrucknet.com\/#website\"},\"datePublished\":\"2020-11-25T13:48:05+00:00\",\"dateModified\":\"2020-11-29T10:48:50+00:00\",\"breadcrumb\":{\"@id\":\"https:\/\/www.etrucknet.com\/ro\/form1#breadcrumb\"},\"inLanguage\":\"ro-RO\",\"potentialAction\":[{\"@type\":\"ReadAction\",\"target\":[\"https:\/\/www.etrucknet.com\/ro\/form1\"]}]},{\"@type\":\"BreadcrumbList\",\"@id\":\"https:\/\/www.etrucknet.com\/ro\/form1#breadcrumb\",\"itemListElement\":[{\"@type\":\"ListItem\",\"position\":1,\"name\":\"Home\",\"item\":\"https:\/\/www.etrucknet.com\/ro\/home-page\"},{\"@type\":\"ListItem\",\"position\":2,\"name\":\"form1\"}]},{\"@type\":\"WebSite\",\"@id\":\"https:\/\/www.etrucknet.com\/#website\",\"url\":\"https:\/\/www.etrucknet.com\/\",\"name\":\"Etrucknet\",\"description\":\"Muove il tuo Business\",\"potentialAction\":[{\"@type\":\"SearchAction\",\"target\":{\"@type\":\"EntryPoint\",\"urlTemplate\":\"https:\/\/www.etrucknet.com\/?s={search_term_string}\"},\"query-input\":\"required name=search_term_string\"}],\"inLanguage\":\"ro-RO\"}]}<\/script>\n<!-- \/ Yoast SEO Premium plugin. -->","yoast_head_json":{"title":"form1 - Etrucknet","robots":{"index":"index","follow":"follow","max-snippet":"max-snippet:-1","max-image-preview":"max-image-preview:large","max-video-preview":"max-video-preview:-1"},"canonical":"https:\/\/www.etrucknet.com\/ro\/form1","og_locale":"ro_RO","og_type":"article","og_title":"form1","og_description":"[vc_row][vc_column][vc_row_inner][vc_column_inner css=&#8221;.vc_custom_1474291783363{padding-top: 35px !important;padding-bottom: 35px !important;}&#8221;][vc_column_text css_animation=&#8221;appear&#8221; el_class=&#8221;piu-uno&#8221; css=&#8221;.vc_custom_1466002660602{padding-bottom: 0px !important;}&#8221;]Etrucknet este re\u021beaua global\u0103 de referin\u021b\u0103 pentru transportul de marf\u0103 dedicat\u0103 companiilor. G\u0103si\u021bi camionul care se potrive\u0219te nevoilor dvs., economisind din timpul \u0219i costurile de alocare \u0219i contractare \u0219i de...","og_url":"https:\/\/www.etrucknet.com\/ro\/form1","og_site_name":"Etrucknet","article_modified_time":"2020-11-29T10:48:50+00:00","twitter_card":"summary_large_image","twitter_misc":{"Timp estimat pentru citire":"3 minute"},"schema":{"@context":"https:\/\/schema.org","@graph":[{"@type":"WebPage","@id":"https:\/\/www.etrucknet.com\/ro\/form1","url":"https:\/\/www.etrucknet.com\/ro\/form1","name":"form1 - Etrucknet","isPartOf":{"@id":"https:\/\/www.etrucknet.com\/#website"},"datePublished":"2020-11-25T13:48:05+00:00","dateModified":"2020-11-29T10:48:50+00:00","breadcrumb":{"@id":"https:\/\/www.etrucknet.com\/ro\/form1#breadcrumb"},"inLanguage":"ro-RO","potentialAction":[{"@type":"ReadAction","target":["https:\/\/www.etrucknet.com\/ro\/form1"]}]},{"@type":"BreadcrumbList","@id":"https:\/\/www.etrucknet.com\/ro\/form1#breadcrumb","itemListElement":[{"@type":"ListItem","position":1,"name":"Home","item":"https:\/\/www.etrucknet.com\/ro\/home-page"},{"@type":"ListItem","position":2,"name":"form1"}]},{"@type":"WebSite","@id":"https:\/\/www.etrucknet.com\/#website","url":"https:\/\/www.etrucknet.com\/","name":"Etrucknet","description":"Muove il tuo Business","potentialAction":[{"@type":"SearchAction","target":{"@type":"EntryPoint","urlTemplate":"https:\/\/www.etrucknet.com\/?s={search_term_string}"},"query-input":"required name=search_term_string"}],"inLanguage":"ro-RO"}]}},"_links":{"self":[{"href":"https:\/\/www.etrucknet.com\/ro\/wp-json\/wp\/v2\/pages\/1178"}],"collection":[{"href":"https:\/\/www.etrucknet.com\/ro\/wp-json\/wp\/v2\/pages"}],"about":[{"href":"https:\/\/www.etrucknet.com\/ro\/wp-json\/wp\/v2\/types\/page"}],"author":[{"embeddable":true,"href":"https:\/\/www.etrucknet.com\/ro\/wp-json\/wp\/v2\/users\/1"}],"replies":[{"embeddable":true,"href":"https:\/\/www.etrucknet.com\/ro\/wp-json\/wp\/v2\/comments?post=1178"}],"version-history":[{"count":17,"href":"https:\/\/www.etrucknet.com\/ro\/wp-json\/wp\/v2\/pages\/1178\/revisions"}],"predecessor-version":[{"id":1221,"href":"https:\/\/www.etrucknet.com\/ro\/wp-json\/wp\/v2\/pages\/1178\/revisions\/1221"}],"wp:attachment":[{"href":"https:\/\/www.etrucknet.com\/ro\/wp-json\/wp\/v2\/media?parent=1178"}],"curies":[{"name":"wp","href":"https:\/\/api.w.org\/{rel}","templated":true}]}}